{"id":14,"date":"2022-11-15T13:13:17","date_gmt":"2022-11-15T12:13:17","guid":{"rendered":"https:\/\/wanaka.jcloud.ik-server.com\/?page_id=14"},"modified":"2026-04-28T17:34:48","modified_gmt":"2026-04-28T15:34:48","slug":"accueil","status":"publish","type":"page","link":"https:\/\/wanakavoile.ch\/","title":{"rendered":"Accueil"},"content":{"rendered":"\n<div class=\"wp-block-cover alignfull is-light\" style=\"min-height:700px;aspect-ratio:unset;\"><img loading=\"lazy\" decoding=\"async\" width=\"1000\" height=\"750\" class=\"wp-block-cover__image-background wp-image-121\" alt=\"\" src=\"https:\/\/wanaka.jcloud.ik-server.com\/wp-content\/uploads\/2023\/04\/IMG_20230406_153938.jpg\" data-object-fit=\"cover\" srcset=\"https:\/\/wanakavoile.ch\/wp-content\/uploads\/2023\/04\/IMG_20230406_153938.jpg 1000w, https:\/\/wanakavoile.ch\/wp-content\/uploads\/2023\/04\/IMG_20230406_153938-300x225.jpg 300w, https:\/\/wanakavoile.ch\/wp-content\/uploads\/2023\/04\/IMG_20230406_153938-768x576.jpg 768w\" sizes=\"auto, (max-width: 1000px) 100vw, 1000px\" \/><span aria-hidden=\"true\" class=\"wp-block-cover__background has-background-dim-0 has-background-dim\"><\/span><div class=\"wp-block-cover__inner-container is-layout-flow wp-block-cover-is-layout-flow\">\n<div style=\"height:80px\" aria-hidden=\"true\" class=\"wp-block-spacer\"><\/div>\n\n\n\n<h1 class=\"wp-block-heading has-text-align-center has-text-color\" style=\"color:#121212\">Venez naviguer sur notre voilier !<\/h1>\n\n\n\n<p class=\"has-text-align-center has-nv-text-dark-bg-color has-midnight-gradient-background has-text-color has-background\" style=\"font-size:17px\"><strong>Bienvenue sur le site de notre association de \u00ab\u00a0boat sharing\u00a0\u00bb. D\u00e9couvrez notre concept, notre voilier et adh\u00e9rez \u00e0 une de nos formules.<\/strong><\/p>\n\n\n\n<div class=\"wp-block-buttons is-content-justification-center is-layout-flex wp-container-core-buttons-is-layout-16018d1d wp-block-buttons-is-layout-flex\">\n<div class=\"wp-block-button is-style-primary\"><a class=\"wp-block-button__link wp-element-button\" href=\"https:\/\/wanaka.jcloud.ik-server.com\/?page_id=15\">Le concept<\/a><\/div>\n\n\n\n<div class=\"wp-block-button is-style-primary\"><a class=\"wp-block-button__link wp-element-button\" href=\"https:\/\/wanaka.jcloud.ik-server.com\/?page_id=17\">Devenir membre<\/a><\/div>\n<\/div>\n\n\n\n<div style=\"height:80px\" aria-hidden=\"true\" class=\"wp-block-spacer\"><\/div>\n\n\n\n<div style=\"height:80px\" aria-hidden=\"true\" class=\"wp-block-spacer\"><\/div>\n\n\n\n<p><\/p>\n<\/div><\/div>\n\n\n\n<div style=\"height:80px\" aria-hidden=\"true\" class=\"wp-block-spacer\"><\/div>\n\n\n\n<div class=\"wp-block-columns is-layout-flex wp-container-core-columns-is-layout-9d6595d7 wp-block-columns-is-layout-flex\">\n<div class=\"wp-block-column is-layout-flow wp-block-column-is-layout-flow\">\n<h3 class=\"wp-block-heading has-text-align-center has-neve-text-color-color has-text-color\">Saison 2026<\/h3>\n\n\n\n<p class=\"has-text-align-center\">Notre voilier sera disponible d\u00e8s le\u00a015 mai 2026.<\/p>\n\n\n\n<div style=\"height:20px\" aria-hidden=\"true\" class=\"wp-block-spacer\"><\/div>\n<\/div>\n\n\n\n<div class=\"wp-block-column is-layout-flow wp-block-column-is-layout-flow\">\n<h3 class=\"wp-block-heading has-text-align-center has-neve-text-color-color has-text-color\"><em>Day Sailer<\/em> parfait pour la croisi\u00e8re l\u00e9manique<\/h3>\n\n\n\n<p class=\"has-text-align-center\">Notre voilier, un Mallard Farr 727 r\u00e9cemment remis \u00e0 neuf, est parfait pour les sorties plaisirs ou m\u00eame les croisi\u00e8res de plusieurs jours.<\/p>\n\n\n\n<div style=\"height:20px\" aria-hidden=\"true\" class=\"wp-block-spacer\"><\/div>\n<\/div>\n\n\n\n<div class=\"wp-block-column is-layout-flow wp-block-column-is-layout-flow\">\n<h3 class=\"wp-block-heading has-text-align-center has-neve-text-color-color has-text-color\">Syst\u00e8me flexible<\/h3>\n\n\n\n<p class=\"has-text-align-center\">Choisissez une formule et naviguez quand vous voulez. Il vous suffit simplement de r\u00e9server via notre agenda \u00e9lectronique une plage de libre.<\/p>\n\n\n\n<div style=\"height:20px\" aria-hidden=\"true\" class=\"wp-block-spacer\"><\/div>\n<\/div>\n<\/div>\n\n\n\n<div style=\"height:80px\" aria-hidden=\"true\" class=\"wp-block-spacer\"><\/div>\n\n\n\n<div class=\"wp-block-cover alignfull\" style=\"min-height:600px;aspect-ratio:unset;\"><span aria-hidden=\"true\" class=\"wp-block-cover__background has-nv-light-bg-background-color has-background-dim-100 has-background-dim\"><\/span><div class=\"wp-block-cover__inner-container is-layout-flow wp-block-cover-is-layout-flow\">\n<div class=\"wp-block-group\"><div class=\"wp-block-group__inner-container is-layout-flow wp-block-group-is-layout-flow\">\n<div style=\"height:80px\" aria-hidden=\"true\" class=\"wp-block-spacer\"><\/div>\n\n\n\n<div class=\"wp-block-columns are-vertically-aligned-center is-layout-flex wp-container-core-columns-is-layout-9d6595d7 wp-block-columns-is-layout-flex\">\n<div class=\"wp-block-column is-vertically-aligned-center is-layout-flow wp-block-column-is-layout-flow\" style=\"flex-basis:50%\">\n<figure class=\"wp-block-image size-large\"><img loading=\"lazy\" decoding=\"async\" width=\"1024\" height=\"577\" src=\"https:\/\/wanaka.jcloud.ik-server.com\/wp-content\/uploads\/2023\/04\/xavier-von-erlach-DWuxIIkAAEE-unsplash-1024x577.jpg\" alt=\"\" class=\"wp-image-143\" srcset=\"https:\/\/wanakavoile.ch\/wp-content\/uploads\/2023\/04\/xavier-von-erlach-DWuxIIkAAEE-unsplash-1024x577.jpg 1024w, https:\/\/wanakavoile.ch\/wp-content\/uploads\/2023\/04\/xavier-von-erlach-DWuxIIkAAEE-unsplash-300x169.jpg 300w, https:\/\/wanakavoile.ch\/wp-content\/uploads\/2023\/04\/xavier-von-erlach-DWuxIIkAAEE-unsplash-768x433.jpg 768w, https:\/\/wanakavoile.ch\/wp-content\/uploads\/2023\/04\/xavier-von-erlach-DWuxIIkAAEE-unsplash.jpg 1250w\" sizes=\"auto, (max-width: 1024px) 100vw, 1024px\" \/><\/figure>\n<\/div>\n\n\n\n<div class=\"wp-block-column is-vertically-aligned-center is-layout-flow wp-block-column-is-layout-flow\" style=\"flex-basis:50%\">\n<div style=\"height:20px\" aria-hidden=\"true\" class=\"wp-block-spacer\"><\/div>\n\n\n\n<h2 class=\"wp-block-heading has-text-align-left has-neve-text-color-color has-text-color\">Amarr\u00e9 au Bouveret<\/h2>\n\n\n\n<p class=\"has-text-align-left has-neve-text-color-color has-text-color\" style=\"font-size:17px\">Depuis la Marina du Bouveret vous pourrez ais\u00e9ment explorer le Haut-Lac, la Riviera, ou longer la cote fran\u00e7aise pour une petite escale \u00e0 Evian.<\/p>\n\n\n\n<div class=\"wp-block-buttons is-content-justification-left is-layout-flex wp-container-core-buttons-is-layout-fdcfc74e wp-block-buttons-is-layout-flex\"><\/div>\n<\/div>\n<\/div>\n\n\n\n<div style=\"height:40px\" aria-hidden=\"true\" class=\"wp-block-spacer\"><\/div>\n<\/div><\/div>\n\n\n\n<div style=\"height:100px\" aria-hidden=\"true\" class=\"wp-block-spacer\"><\/div>\n<\/div><\/div>\n\n\n\n<div class=\"wp-block-media-text alignwide has-media-on-the-right is-stacked-on-mobile\"><div class=\"wp-block-media-text__content\">\n<div style=\"height:20px\" aria-hidden=\"true\" class=\"wp-block-spacer\"><\/div>\n\n\n\n<h2 class=\"wp-block-heading\">Mallard Farr 727<\/h2>\n\n\n\n<p>Notre voilier est un Farr 727 d&rsquo;un peu plus de 7 m\u00e8tres. Son petit nom c&rsquo;est le <em>Wanaka<\/em>, qui fait r\u00e9f\u00e9rence \u00e0 ses origines n\u00e9o-z\u00e9landaise.<\/p>\n\n\n\n<p>Il sort tout juste de r\u00e9novation au chantier naval de Cully.<\/p>\n\n\n\n<div class=\"wp-block-buttons is-layout-flex wp-block-buttons-is-layout-flex\">\n<div class=\"wp-block-button is-style-primary\"><a class=\"wp-block-button__link wp-element-button\" href=\"https:\/\/en.wikipedia.org\/wiki\/Farr_727\">D\u00e9couvrez le Farr 727 sur wikipedia<\/a><\/div>\n<\/div>\n\n\n\n<div style=\"height:40px\" aria-hidden=\"true\" class=\"wp-block-spacer\"><\/div>\n<\/div><figure class=\"wp-block-media-text__media\"><img loading=\"lazy\" decoding=\"async\" width=\"1024\" height=\"922\" src=\"https:\/\/wanaka.jcloud.ik-server.com\/wp-content\/uploads\/2023\/04\/IMG_20230406_095036-1024x922.jpg\" alt=\"\" class=\"wp-image-128 size-full\" srcset=\"https:\/\/wanakavoile.ch\/wp-content\/uploads\/2023\/04\/IMG_20230406_095036-1024x922.jpg 1024w, https:\/\/wanakavoile.ch\/wp-content\/uploads\/2023\/04\/IMG_20230406_095036-300x270.jpg 300w, https:\/\/wanakavoile.ch\/wp-content\/uploads\/2023\/04\/IMG_20230406_095036-768x692.jpg 768w, https:\/\/wanakavoile.ch\/wp-content\/uploads\/2023\/04\/IMG_20230406_095036-1536x1383.jpg 1536w, https:\/\/wanakavoile.ch\/wp-content\/uploads\/2023\/04\/IMG_20230406_095036-2048x1844.jpg 2048w\" sizes=\"auto, (max-width: 1024px) 100vw, 1024px\" \/><\/figure><\/div>\n\n\n\n<div class=\"wp-block-cover alignfull\"><span aria-hidden=\"true\" class=\"wp-block-cover__background has-nv-light-bg-background-color has-background-dim-100 has-background-dim\"><\/span><div class=\"wp-block-cover__inner-container is-layout-constrained wp-block-cover-is-layout-constrained\">\n<h2 class=\"wp-block-heading has-text-align-center has-neve-text-color-color has-text-color\">Pas le permis ? Juste envie d&rsquo;essayer ?<\/h2>\n\n\n\n<p class=\"has-neve-text-color-color has-text-color\" style=\"font-size:17px\">M\u00eame si vous n&rsquo;avez pas le permis, si vous avez simplement envie d&rsquo;essayer la voile, vous pouvez embarquer ponctuellement avec un ou une de nos membres comme co\u00e9quipier\/co\u00e9quipi\u00e8re. Pour cela il suffit de nous <a href=\"https:\/\/wanakavoile.ch\/?page_id=16\">contacter <\/a>pas email ou par t\u00e9l\u00e9phone. Nous trouverons ensemble un date qui convient. Et la sortie d\u00e9couverte est gratuite.<\/p>\n<\/div><\/div>\n\n\n\n<p><\/p>\n","protected":false},"excerpt":{"rendered":"<p>Saison 2026 Notre voilier sera disponible d\u00e8s le\u00a015 mai 2026. Day Sailer parfait pour la croisi\u00e8re l\u00e9manique Notre voilier, un Mallard Farr 727 r\u00e9cemment remis \u00e0 neuf, est parfait pour les sorties plaisirs ou m\u00eame les croisi\u00e8res de plusieurs jours. Syst\u00e8me flexible Choisissez une formule et naviguez quand vous voulez. Il vous suffit simplement de&hellip;&nbsp;<a href=\"https:\/\/wanakavoile.ch\/\" rel=\"bookmark\">Lire la suite &raquo;<span class=\"screen-reader-text\">Accueil<\/span><\/a><\/p>\n","protected":false},"author":1,"featured_media":0,"parent":0,"menu_order":0,"comment_status":"closed","ping_status":"closed","template":"","meta":{"_monsterinsights_skip_tracking":false,"_monsterinsights_sitenote_active":false,"_monsterinsights_sitenote_note":"","_monsterinsights_sitenote_category":0,"neve_meta_sidebar":"","neve_meta_container":"","neve_meta_enable_content_width":"on","neve_meta_content_width":100,"neve_meta_title_alignment":"","neve_meta_author_avatar":"","neve_post_elements_order":"","neve_meta_disable_header":"","neve_meta_disable_footer":"","neve_meta_disable_title":"on","footnotes":""},"class_list":["post-14","page","type-page","status-publish","hentry"],"_links":{"self":[{"href":"https:\/\/wanakavoile.ch\/index.php?rest_route=\/wp\/v2\/pages\/14","targetHints":{"allow":["GET"]}}],"collection":[{"href":"https:\/\/wanakavoile.ch\/index.php?rest_route=\/wp\/v2\/pages"}],"about":[{"href":"https:\/\/wanakavoile.ch\/index.php?rest_route=\/wp\/v2\/types\/page"}],"author":[{"embeddable":true,"href":"https:\/\/wanakavoile.ch\/index.php?rest_route=\/wp\/v2\/users\/1"}],"replies":[{"embeddable":true,"href":"https:\/\/wanakavoile.ch\/index.php?rest_route=%2Fwp%2Fv2%2Fcomments&post=14"}],"version-history":[{"count":26,"href":"https:\/\/wanakavoile.ch\/index.php?rest_route=\/wp\/v2\/pages\/14\/revisions"}],"predecessor-version":[{"id":735,"href":"https:\/\/wanakavoile.ch\/index.php?rest_route=\/wp\/v2\/pages\/14\/revisions\/735"}],"wp:attachment":[{"href":"https:\/\/wanakavoile.ch\/index.php?rest_route=%2Fwp%2Fv2%2Fmedia&parent=14"}],"curies":[{"name":"wp","href":"https:\/\/api.w.org\/{rel}","templated":true}]}}