{"id":15,"date":"2022-11-15T13:13:18","date_gmt":"2022-11-15T12:13:18","guid":{"rendered":"https:\/\/wanaka.jcloud.ik-server.com\/?page_id=15"},"modified":"2026-04-28T17:35:51","modified_gmt":"2026-04-28T15:35:51","slug":"a-propos","status":"publish","type":"page","link":"https:\/\/wanakavoile.ch\/?page_id=15","title":{"rendered":"Le Concept"},"content":{"rendered":"\n<div class=\"wp-block-cover alignfull\" style=\"min-height:300px;aspect-ratio:unset;\"><span aria-hidden=\"true\" class=\"wp-block-cover__background has-nv-site-bg-background-color has-background-dim-100 has-background-dim\"><\/span><div class=\"wp-block-cover__inner-container is-layout-flow wp-block-cover-is-layout-flow\">\n<div class=\"wp-block-group\"><div class=\"wp-block-group__inner-container is-layout-flow wp-block-group-is-layout-flow\">\n<h1 class=\"wp-block-heading has-text-align-left has-neve-text-color-color has-text-color\">Le Concept<\/h1>\n<\/div><\/div>\n<\/div><\/div>\n\n\n\n<div class=\"wp-block-cover alignfull\" style=\"min-height:600px;aspect-ratio:unset;\"><span aria-hidden=\"true\" class=\"wp-block-cover__background has-nv-light-bg-background-color has-background-dim-100 has-background-dim\"><\/span><div class=\"wp-block-cover__inner-container is-layout-flow wp-block-cover-is-layout-flow\">\n<div class=\"wp-block-group\"><div class=\"wp-block-group__inner-container is-layout-flow wp-block-group-is-layout-flow\">\n<div style=\"height:80px\" aria-hidden=\"true\" class=\"wp-block-spacer\"><\/div>\n\n\n\n<div class=\"wp-block-columns are-vertically-aligned-center is-layout-flex wp-container-core-columns-is-layout-9d6595d7 wp-block-columns-is-layout-flex\">\n<div class=\"wp-block-column is-vertically-aligned-center is-layout-flow wp-block-column-is-layout-flow\" style=\"flex-basis:50%\">\n<figure class=\"wp-block-image size-full size-large\"><img loading=\"lazy\" decoding=\"async\" width=\"452\" height=\"804\" src=\"https:\/\/wanaka.jcloud.ik-server.com\/wp-content\/uploads\/2022\/11\/farr_727_drawing-Copie.gif\" alt=\"\" class=\"wp-image-79\"\/><\/figure>\n<\/div>\n\n\n\n<div class=\"wp-block-column is-vertically-aligned-center is-layout-flow wp-block-column-is-layout-flow\" style=\"flex-basis:50%\">\n<h2 class=\"wp-block-heading has-neve-text-color-color has-text-color\">Le bateau<\/h2>\n\n\n\n<p class=\"has-neve-text-color-color has-text-color has-medium-font-size\">Le <em>Wanaka<\/em>, un Mallard Farr 727 remis \u00e0 neuf<\/p>\n\n\n\n<p class=\"has-neve-text-color-color has-text-color\">Ann\u00e9e de construction : 1977<br>Remise en \u00e9tat : 2023<br>Longueur hors tout : 7.27 m<br>Tirant d&rsquo;eau : 1.42 m<br>D\u00e9placement : 1220 kg<br>Surface g\u00e9nois : env. 19 m2<br>Surface GV : env. 18 m2<br>Gr\u00e9ement : sloop fractionn\u00e9<br>D\u00e9rive : quille fixe<br><strong>Capacit\u00e9 : max 6 personnes<br><\/strong>Couchage : 3 personnes<br>\u00c9quipement :<br>&gt; GV, g\u00e9nois sur enrouleur, Spi<br>&gt; Cuisini\u00e8re<br>&gt; \u00e9quipement de s\u00e9curit\u00e9 r\u00e9glementaire<br>&gt; \u00e9chelle de bain<br>&gt; moteur Yamaha 6 cv<br>&gt; \u00e9chosondeur<br>&gt; girouette en t\u00eate de mat<\/p>\n<\/div>\n<\/div>\n\n\n\n<div style=\"height:40px\" aria-hidden=\"true\" class=\"wp-block-spacer\"><\/div>\n<\/div><\/div>\n<\/div><\/div>\n\n\n\n<div class=\"wp-block-cover alignfull\" style=\"min-height:897px;aspect-ratio:unset;\"><span aria-hidden=\"true\" class=\"wp-block-cover__background has-nv-site-bg-background-color has-background-dim-100 has-background-dim\"><\/span><div class=\"wp-block-cover__inner-container is-layout-flow wp-block-cover-is-layout-flow\">\n<div style=\"height:80px\" aria-hidden=\"true\" class=\"wp-block-spacer\"><\/div>\n\n\n\n<h2 class=\"wp-block-heading has-neve-text-color-color has-text-color\">Les formules<\/h2>\n\n\n\n<p class=\"has-neve-text-color-color has-text-color\">Pour la saison 2026, (de mi-mai 2026 \u00e0 fin d\u00e9cembre 2026), choisissez l&rsquo;une des 3 formules suivantes:<\/p>\n\n\n\n<div class=\"wp-block-columns is-layout-flex wp-container-core-columns-is-layout-9d6595d7 wp-block-columns-is-layout-flex\">\n<div class=\"wp-block-column ticss-4ce656f1 is-layout-flow wp-block-column-is-layout-flow\">\n<div class=\"wp-block-group has-neve-link-color-background-color has-background\"><div class=\"wp-block-group__inner-container is-layout-constrained wp-block-group-is-layout-constrained\">\n<div style=\"height:45px\" aria-hidden=\"true\" class=\"wp-block-spacer\"><\/div>\n\n\n\n<h3 class=\"wp-block-heading has-text-align-center has-neve-text-color-color has-text-color\">\u00c0 la carte<\/h3>\n\n\n\n<p class=\"has-text-align-center has-neve-text-color-color has-text-color has-large-font-size\"><strong>100 CHF<\/strong><\/p>\n\n\n\n<p class=\"has-text-align-center has-neve-text-color-color has-text-color has-medium-font-size\">de cotisation annuelle, puis<\/p>\n\n\n\n<p class=\"has-text-align-center has-neve-text-color-color has-text-color has-medium-font-size\"><strong>50 CHF<\/strong> par heure d&rsquo;utilisation<\/p>\n\n\n\n<div style=\"height:120px\" aria-hidden=\"true\" class=\"wp-block-spacer\"><\/div>\n<\/div><\/div>\n\n\n\n<div style=\"height:20px\" aria-hidden=\"true\" class=\"wp-block-spacer\"><\/div>\n<\/div>\n\n\n\n<div class=\"wp-block-column is-layout-flow wp-block-column-is-layout-flow\">\n<div class=\"wp-block-group has-neve-link-color-background-color has-background\"><div class=\"wp-block-group__inner-container is-layout-constrained wp-block-group-is-layout-constrained\">\n<div style=\"height:45px\" aria-hidden=\"true\" class=\"wp-block-spacer\"><\/div>\n\n\n\n<h3 class=\"wp-block-heading has-text-align-center has-neve-text-color-color has-text-color\">Forfait cinq sorties<\/h3>\n\n\n\n<p class=\"has-text-align-center has-neve-text-color-color has-text-color has-large-font-size\"><strong>700 CHF<\/strong><\/p>\n\n\n\n<p class=\"has-text-align-center has-neve-text-color-color has-text-color has-medium-font-size\">5 sorties sur l&rsquo;ann\u00e9e<\/p>\n\n\n\n<p class=\"has-text-align-center has-neve-text-color-color has-text-color has-medium-font-size\">Par sortie de max. 1 jour calendrier.<\/p>\n\n\n\n<div style=\"height:120px\" aria-hidden=\"true\" class=\"wp-block-spacer\"><\/div>\n<\/div><\/div>\n<\/div>\n\n\n\n<div class=\"wp-block-column ticss-f6fc7494 is-layout-flow wp-block-column-is-layout-flow\">\n<div class=\"wp-block-group has-neve-link-color-background-color has-background\"><div class=\"wp-block-group__inner-container is-layout-constrained wp-block-group-is-layout-constrained\">\n<div style=\"height:45px\" aria-hidden=\"true\" class=\"wp-block-spacer\"><\/div>\n\n\n\n<h3 class=\"wp-block-heading has-text-align-center has-neve-text-color-color has-text-color\">Forfait illimit\u00e9<\/h3>\n\n\n\n<p class=\"has-text-align-center has-neve-text-color-color has-text-color has-large-font-size\"><strong>1&rsquo;500 CHF<\/strong>*<\/p>\n\n\n\n<p class=\"has-text-align-center has-neve-text-color-color has-text-color has-medium-font-size\">Nombre de sorties illimit\u00e9es<\/p>\n\n\n\n<p class=\"has-text-align-center has-neve-text-color-color has-text-color has-medium-font-size\">Par sortie de max. 4 jours calendrier<\/p>\n\n\n\n<p class=\"has-text-align-center has-text-color has-small-font-size\" style=\"color:#2b2b2bd1\">*La premi\u00e8re ann\u00e9e d&rsquo;adh\u00e9sion, la cotisation est r\u00e9duite au prorata de l&rsquo;avancement de la saison au moment de l&rsquo;inscription.<\/p>\n\n\n\n<div style=\"height:25px\" aria-hidden=\"true\" class=\"wp-block-spacer\"><\/div>\n<\/div><\/div>\n\n\n\n<div style=\"height:20px\" aria-hidden=\"true\" class=\"wp-block-spacer\"><\/div>\n<\/div>\n<\/div>\n\n\n\n<div style=\"height:30px\" aria-hidden=\"true\" class=\"wp-block-spacer\"><\/div>\n<\/div><\/div>\n\n\n\n<div class=\"wp-block-cover alignfull\"><span aria-hidden=\"true\" class=\"wp-block-cover__background has-nv-light-bg-background-color has-background-dim-100 has-background-dim\"><\/span><div class=\"wp-block-cover__inner-container is-layout-flow wp-block-cover-is-layout-flow\">\n<h2 class=\"wp-block-heading has-text-align-left has-neve-text-color-color has-text-color has-large-font-size\">Le fonctionnement<\/h2>\n\n\n\n<ul class=\"wp-block-list has-neve-text-color-color has-text-color\">\n<li>Pour pouvoir utiliser le voilier vous devez d&rsquo;abord devenir membre de notre association.<br>Pour cela vous devez avoir un permis de navigation valable (permis de naviguer un bateau \u00e0 voile cat. D) et avoir 16 ans r\u00e9volus au minimum.<\/li>\n\n\n\n<li>Avant la premi\u00e8re sortie, un membre du comit\u00e9 de l&rsquo;association donne une petite introduction sur l&rsquo;utilisation du bateau en pr\u00e9sentiel.<\/li>\n\n\n\n<li>Ensuite, avant chaque sortie, le membre r\u00e9serve le bateau sur l&rsquo;agenda partag\u00e9 en ligne. En respectant la dur\u00e9e maximale de sortie autoris\u00e9e (1 jour ou 4 jours selon la formule choisie).<\/li>\n\n\n\n<li>Apr\u00e8s chaque sortie, le membre confirme par message au num\u00e9ro de natel d\u00e9di\u00e9 que tout s&rsquo;est bien pass\u00e9, ou informe des \u00e9ventuels probl\u00e8mes rencontr\u00e9s.<\/li>\n<\/ul>\n<\/div><\/div>\n\n\n\n<div style=\"height:100px\" aria-hidden=\"true\" class=\"wp-block-spacer\"><\/div>\n\n\n\n<figure class=\"wp-block-gallery has-nested-images columns-default is-cropped wp-block-gallery-1 is-layout-flex wp-block-gallery-is-layout-flex\">\n<figure class=\"wp-block-image size-large\"><img loading=\"lazy\" decoding=\"async\" width=\"1024\" height=\"768\" data-id=\"159\" src=\"https:\/\/wanaka.jcloud.ik-server.com\/wp-content\/uploads\/2023\/04\/Optimized-IMG_20230406_095036-1024x768.jpg\" alt=\"\" class=\"wp-image-159\" srcset=\"https:\/\/wanakavoile.ch\/wp-content\/uploads\/2023\/04\/Optimized-IMG_20230406_095036-1024x768.jpg 1024w, https:\/\/wanakavoile.ch\/wp-content\/uploads\/2023\/04\/Optimized-IMG_20230406_095036-300x225.jpg 300w, https:\/\/wanakavoile.ch\/wp-content\/uploads\/2023\/04\/Optimized-IMG_20230406_095036-768x576.jpg 768w, https:\/\/wanakavoile.ch\/wp-content\/uploads\/2023\/04\/Optimized-IMG_20230406_095036.jpg 1200w\" sizes=\"auto, (max-width: 1024px) 100vw, 1024px\" \/><\/figure>\n\n\n\n<figure class=\"wp-block-image size-full\"><img loading=\"lazy\" decoding=\"async\" width=\"576\" height=\"768\" data-id=\"191\" src=\"https:\/\/wanaka.jcloud.ik-server.com\/wp-content\/uploads\/2023\/06\/temp1.jpg\" alt=\"\" class=\"wp-image-191\" srcset=\"https:\/\/wanakavoile.ch\/wp-content\/uploads\/2023\/06\/temp1.jpg 576w, https:\/\/wanakavoile.ch\/wp-content\/uploads\/2023\/06\/temp1-225x300.jpg 225w\" sizes=\"auto, (max-width: 576px) 100vw, 576px\" \/><\/figure>\n\n\n\n<figure class=\"wp-block-image size-large\"><img loading=\"lazy\" decoding=\"async\" width=\"1024\" height=\"768\" data-id=\"160\" src=\"https:\/\/wanaka.jcloud.ik-server.com\/wp-content\/uploads\/2023\/04\/Optimized-IMG_20230406_095047-1024x768.jpg\" alt=\"\" class=\"wp-image-160\" srcset=\"https:\/\/wanakavoile.ch\/wp-content\/uploads\/2023\/04\/Optimized-IMG_20230406_095047-1024x768.jpg 1024w, https:\/\/wanakavoile.ch\/wp-content\/uploads\/2023\/04\/Optimized-IMG_20230406_095047-300x225.jpg 300w, https:\/\/wanakavoile.ch\/wp-content\/uploads\/2023\/04\/Optimized-IMG_20230406_095047-768x576.jpg 768w, https:\/\/wanakavoile.ch\/wp-content\/uploads\/2023\/04\/Optimized-IMG_20230406_095047.jpg 1200w\" sizes=\"auto, (max-width: 1024px) 100vw, 1024px\" \/><\/figure>\n\n\n\n<figure class=\"wp-block-image size-large\"><img loading=\"lazy\" decoding=\"async\" width=\"675\" height=\"900\" data-id=\"157\" src=\"https:\/\/wanaka.jcloud.ik-server.com\/wp-content\/uploads\/2023\/04\/Optimized-IMG_20230406_153942.jpg\" alt=\"\" class=\"wp-image-157\" srcset=\"https:\/\/wanakavoile.ch\/wp-content\/uploads\/2023\/04\/Optimized-IMG_20230406_153942.jpg 675w, https:\/\/wanakavoile.ch\/wp-content\/uploads\/2023\/04\/Optimized-IMG_20230406_153942-225x300.jpg 225w\" sizes=\"auto, (max-width: 675px) 100vw, 675px\" \/><\/figure>\n\n\n\n<figure class=\"wp-block-image size-large\"><img loading=\"lazy\" decoding=\"async\" width=\"1024\" height=\"768\" data-id=\"158\" src=\"https:\/\/wanaka.jcloud.ik-server.com\/wp-content\/uploads\/2023\/04\/Optimized-IMG_20230406_154002-1024x768.jpg\" alt=\"\" class=\"wp-image-158\" srcset=\"https:\/\/wanakavoile.ch\/wp-content\/uploads\/2023\/04\/Optimized-IMG_20230406_154002-1024x768.jpg 1024w, https:\/\/wanakavoile.ch\/wp-content\/uploads\/2023\/04\/Optimized-IMG_20230406_154002-300x225.jpg 300w, https:\/\/wanakavoile.ch\/wp-content\/uploads\/2023\/04\/Optimized-IMG_20230406_154002-768x576.jpg 768w, https:\/\/wanakavoile.ch\/wp-content\/uploads\/2023\/04\/Optimized-IMG_20230406_154002.jpg 1200w\" sizes=\"auto, (max-width: 1024px) 100vw, 1024px\" \/><\/figure>\n\n\n\n<figure class=\"wp-block-image size-large\"><img loading=\"lazy\" decoding=\"async\" width=\"1024\" height=\"768\" data-id=\"192\" src=\"https:\/\/wanaka.jcloud.ik-server.com\/wp-content\/uploads\/2023\/06\/temp2.jpg\" alt=\"\" class=\"wp-image-192\" srcset=\"https:\/\/wanakavoile.ch\/wp-content\/uploads\/2023\/06\/temp2.jpg 1024w, https:\/\/wanakavoile.ch\/wp-content\/uploads\/2023\/06\/temp2-300x225.jpg 300w, https:\/\/wanakavoile.ch\/wp-content\/uploads\/2023\/06\/temp2-768x576.jpg 768w\" sizes=\"auto, (max-width: 1024px) 100vw, 1024px\" \/><\/figure>\n\n\n\n<figure class=\"wp-block-image size-large\"><img loading=\"lazy\" decoding=\"async\" width=\"675\" height=\"900\" data-id=\"161\" src=\"https:\/\/wanaka.jcloud.ik-server.com\/wp-content\/uploads\/2023\/04\/Optimized-IMG_20230406_164719.jpg\" alt=\"\" class=\"wp-image-161\" srcset=\"https:\/\/wanakavoile.ch\/wp-content\/uploads\/2023\/04\/Optimized-IMG_20230406_164719.jpg 675w, https:\/\/wanakavoile.ch\/wp-content\/uploads\/2023\/04\/Optimized-IMG_20230406_164719-225x300.jpg 225w\" sizes=\"auto, (max-width: 675px) 100vw, 675px\" \/><\/figure>\n<\/figure>\n\n\n\n<div style=\"height:100px\" aria-hidden=\"true\" class=\"wp-block-spacer\"><\/div>\n","protected":false},"excerpt":{"rendered":"","protected":false},"author":1,"featured_media":0,"parent":0,"menu_order":0,"comment_status":"closed","ping_status":"closed","template":"","meta":{"_monsterinsights_skip_tracking":false,"_monsterinsights_sitenote_active":false,"_monsterinsights_sitenote_note":"","_monsterinsights_sitenote_category":0,"neve_meta_sidebar":"","neve_meta_container":"","neve_meta_enable_content_width":"on","neve_meta_content_width":100,"neve_meta_title_alignment":"","neve_meta_author_avatar":"","neve_post_elements_order":"","neve_meta_disable_header":"","neve_meta_disable_footer":"","neve_meta_disable_title":"on","footnotes":""},"class_list":["post-15","page","type-page","status-publish","hentry"],"_links":{"self":[{"href":"https:\/\/wanakavoile.ch\/index.php?rest_route=\/wp\/v2\/pages\/15","targetHints":{"allow":["GET"]}}],"collection":[{"href":"https:\/\/wanakavoile.ch\/index.php?rest_route=\/wp\/v2\/pages"}],"about":[{"href":"https:\/\/wanakavoile.ch\/index.php?rest_route=\/wp\/v2\/types\/page"}],"author":[{"embeddable":true,"href":"https:\/\/wanakavoile.ch\/index.php?rest_route=\/wp\/v2\/users\/1"}],"replies":[{"embeddable":true,"href":"https:\/\/wanakavoile.ch\/index.php?rest_route=%2Fwp%2Fv2%2Fcomments&post=15"}],"version-history":[{"count":20,"href":"https:\/\/wanakavoile.ch\/index.php?rest_route=\/wp\/v2\/pages\/15\/revisions"}],"predecessor-version":[{"id":736,"href":"https:\/\/wanakavoile.ch\/index.php?rest_route=\/wp\/v2\/pages\/15\/revisions\/736"}],"wp:attachment":[{"href":"https:\/\/wanakavoile.ch\/index.php?rest_route=%2Fwp%2Fv2%2Fmedia&parent=15"}],"curies":[{"name":"wp","href":"https:\/\/api.w.org\/{rel}","templated":true}]}}