{"id":167,"date":"2023-04-14T18:47:33","date_gmt":"2023-04-14T16:47:33","guid":{"rendered":"https:\/\/wanaka.jcloud.ik-server.com\/?page_id=167"},"modified":"2023-04-15T13:15:17","modified_gmt":"2023-04-15T11:15:17","slug":"reserver","status":"publish","type":"page","link":"https:\/\/wanakavoile.ch\/?page_id=167","title":{"rendered":"R\u00e9server"},"content":{"rendered":"\n<p>Utilisez le calendrier ci-dessous pour r\u00e9server un cr\u00e9neau de navigation.<\/p>\n\n\n\n<p>Rappel des r\u00e8gles:<br>&#8211; Maximum 3 r\u00e9servations par membre en simultan\u00e9<br>&#8211; Dur\u00e9e de r\u00e9servation de max 1 jour calendrier, respectivement 4 jours selon votre formule.<\/p>\n\n\n\n<p>V\u00e9rifier d&rsquo;abord dans le calendrier ci-dessous si le bateau est libre pour le cr\u00e9neau que vous convoitez :<\/p>\n\n\n\n<iframe loading=\"lazy\" src=\"https:\/\/calendar.google.com\/calendar\/embed?src=info%40wanakavoile.ch&#038;ctz=Europe%2FZurich\" style=\"border: 0\" width=\"800\" height=\"600\" frameborder=\"0\" scrolling=\"no\"><\/iframe>\n\n\n\n<div style=\"height:59px\" aria-hidden=\"true\" class=\"wp-block-spacer\"><\/div>\n\n\n\n<h3 class=\"wp-block-heading\">Formulaire de demande de r\u00e9servation (seulement pour les membres) :<\/h3>\n\n\n\n<div class=\"wpcf7 no-js\" id=\"wpcf7-f180-o1\" lang=\"fr-FR\" dir=\"ltr\" data-wpcf7-id=\"180\">\n<div class=\"screen-reader-response\"><p role=\"status\" aria-live=\"polite\" aria-atomic=\"true\"><\/p> <ul><\/ul><\/div>\n<form action=\"\/index.php?rest_route=%2Fwp%2Fv2%2Fpages%2F167#wpcf7-f180-o1\" method=\"post\" class=\"wpcf7-form init\" aria-label=\"Formulaire de contact\" novalidate=\"novalidate\" data-status=\"init\">\n<fieldset class=\"hidden-fields-container\"><input type=\"hidden\" name=\"_wpcf7\" value=\"180\" \/><input type=\"hidden\" name=\"_wpcf7_version\" value=\"6.1.5\" \/><input type=\"hidden\" name=\"_wpcf7_locale\" value=\"fr_FR\" \/><input type=\"hidden\" name=\"_wpcf7_unit_tag\" value=\"wpcf7-f180-o1\" \/><input type=\"hidden\" name=\"_wpcf7_container_post\" value=\"0\" \/><input type=\"hidden\" name=\"_wpcf7_posted_data_hash\" value=\"\" \/><input type=\"hidden\" name=\"_wpcf7_recaptcha_response\" value=\"\" \/>\n<\/fieldset>\n<p><label> Votre pr\u00e9nom<br \/>\n<span class=\"wpcf7-form-control-wrap\" data-name=\"your-firstname\"><input size=\"40\" maxlength=\"400\" class=\"wpcf7-form-control wpcf7-text wpcf7-validates-as-required\" autocomplete=\"prenom\" aria-required=\"true\" aria-invalid=\"false\" value=\"\" type=\"text\" name=\"your-firstname\" \/><\/span> <\/label>\n<\/p>\n<p><label> Votre nom<br \/>\n<span class=\"wpcf7-form-control-wrap\" data-name=\"your-name\"><input size=\"40\" maxlength=\"400\" class=\"wpcf7-form-control wpcf7-text wpcf7-validates-as-required\" autocomplete=\"nom\" aria-required=\"true\" aria-invalid=\"false\" value=\"\" type=\"text\" name=\"your-name\" \/><\/span> <\/label>\n<\/p>\n<p><label> Votre e-mail<br \/>\n<span class=\"wpcf7-form-control-wrap\" data-name=\"your-email\"><input size=\"40\" maxlength=\"400\" class=\"wpcf7-form-control wpcf7-email wpcf7-validates-as-required wpcf7-text wpcf7-validates-as-email\" autocomplete=\"email\" aria-required=\"true\" aria-invalid=\"false\" value=\"\" type=\"email\" name=\"your-email\" \/><\/span> <\/label>\n<\/p>\n<p><label> Date d\u00e9but de r\u00e9servation<br \/>\n<span class=\"wpcf7-form-control-wrap\" data-name=\"date-start\"><input class=\"wpcf7-form-control wpcf7-date wpcf7-validates-as-date\" aria-invalid=\"false\" value=\"\" type=\"date\" name=\"date-start\" \/><\/span> <\/label>\n<\/p>\n<p>Heure d\u00e9but de r\u00e9servation<br \/>\n<span class=\"wpcf7-form-control-wrap\" data-name=\"hour-start\"><input class=\"wpcf7-form-control wpcf7-number wpcf7-validates-as-number\" min=\"0\" max=\"24\" aria-invalid=\"false\" value=\"10\" type=\"number\" name=\"hour-start\" \/><\/span>:<span class=\"wpcf7-form-control-wrap\" data-name=\"minute-start\"><input class=\"wpcf7-form-control wpcf7-number wpcf7-validates-as-number\" min=\"0\" max=\"59\" aria-invalid=\"false\" value=\"00\" type=\"number\" name=\"minute-start\" \/><\/span>\n<\/p>\n<p><label> Date de fin de r\u00e9servation<br \/>\n<span class=\"wpcf7-form-control-wrap\" data-name=\"date-end\"><input class=\"wpcf7-form-control wpcf7-date wpcf7-validates-as-date\" aria-invalid=\"false\" value=\"\" type=\"date\" name=\"date-end\" \/><\/span> <\/label>\n<\/p>\n<p>Heure fin de r\u00e9servation<br \/>\n<span class=\"wpcf7-form-control-wrap\" data-name=\"hour-end\"><input class=\"wpcf7-form-control wpcf7-number wpcf7-validates-as-number\" min=\"0\" max=\"24\" aria-invalid=\"false\" value=\"18\" type=\"number\" name=\"hour-end\" \/><\/span>:<span class=\"wpcf7-form-control-wrap\" data-name=\"minute-end\"><input class=\"wpcf7-form-control wpcf7-number wpcf7-validates-as-number\" min=\"0\" max=\"59\" aria-invalid=\"false\" value=\"00\" type=\"number\" name=\"minute-end\" \/><\/span>\n<\/p>\n<p><label> Remarque (facultatif)<br \/>\n<span class=\"wpcf7-form-control-wrap\" data-name=\"your-remark\"><textarea cols=\"40\" rows=\"10\" maxlength=\"2000\" class=\"wpcf7-form-control wpcf7-textarea\" aria-invalid=\"false\" name=\"your-remark\"><\/textarea><\/span> <\/label>\n<\/p>\n<p><input class=\"wpcf7-form-control wpcf7-submit has-spinner\" type=\"submit\" value=\"Envoyer\" \/>\n<\/p><p style=\"display: none !important;\" class=\"akismet-fields-container\" data-prefix=\"_wpcf7_ak_\"><label>&#916;<textarea name=\"_wpcf7_ak_hp_textarea\" cols=\"45\" rows=\"8\" maxlength=\"100\"><\/textarea><\/label><input type=\"hidden\" id=\"ak_js_1\" name=\"_wpcf7_ak_js\" value=\"13\"\/><script>\ndocument.getElementById( \"ak_js_1\" ).setAttribute( \"value\", ( new Date() ).getTime() );\n<\/script>\n<\/p><div class=\"wpcf7-response-output\" aria-hidden=\"true\"><\/div>\n<\/form>\n<\/div>\n\n","protected":false},"excerpt":{"rendered":"<p>Utilisez le calendrier ci-dessous pour r\u00e9server un cr\u00e9neau de navigation. Rappel des r\u00e8gles:&#8211; Maximum 3 r\u00e9servations par membre en simultan\u00e9&#8211; Dur\u00e9e de r\u00e9servation de max 1 jour calendrier, respectivement 4 jours selon votre formule. V\u00e9rifier d&rsquo;abord dans le calendrier ci-dessous si le bateau est libre pour le cr\u00e9neau que vous convoitez : Formulaire de demande&hellip;&nbsp;<a href=\"https:\/\/wanakavoile.ch\/?page_id=167\" rel=\"bookmark\">Lire la suite &raquo;<span class=\"screen-reader-text\">R\u00e9server<\/span><\/a><\/p>\n","protected":false},"author":1,"featured_media":0,"parent":0,"menu_order":0,"comment_status":"closed","ping_status":"closed","template":"","meta":{"_monsterinsights_skip_tracking":false,"_monsterinsights_sitenote_active":false,"_monsterinsights_sitenote_note":"","_monsterinsights_sitenote_category":0,"neve_meta_sidebar":"","neve_meta_container":"","neve_meta_enable_content_width":"","neve_meta_content_width":0,"neve_meta_title_alignment":"","neve_meta_author_avatar":"","neve_post_elements_order":"","neve_meta_disable_header":"","neve_meta_disable_footer":"","neve_meta_disable_title":"","footnotes":""},"class_list":["post-167","page","type-page","status-publish","hentry"],"_links":{"self":[{"href":"https:\/\/wanakavoile.ch\/index.php?rest_route=\/wp\/v2\/pages\/167","targetHints":{"allow":["GET"]}}],"collection":[{"href":"https:\/\/wanakavoile.ch\/index.php?rest_route=\/wp\/v2\/pages"}],"about":[{"href":"https:\/\/wanakavoile.ch\/index.php?rest_route=\/wp\/v2\/types\/page"}],"author":[{"embeddable":true,"href":"https:\/\/wanakavoile.ch\/index.php?rest_route=\/wp\/v2\/users\/1"}],"replies":[{"embeddable":true,"href":"https:\/\/wanakavoile.ch\/index.php?rest_route=%2Fwp%2Fv2%2Fcomments&post=167"}],"version-history":[{"count":11,"href":"https:\/\/wanakavoile.ch\/index.php?rest_route=\/wp\/v2\/pages\/167\/revisions"}],"predecessor-version":[{"id":184,"href":"https:\/\/wanakavoile.ch\/index.php?rest_route=\/wp\/v2\/pages\/167\/revisions\/184"}],"wp:attachment":[{"href":"https:\/\/wanakavoile.ch\/index.php?rest_route=%2Fwp%2Fv2%2Fmedia&parent=167"}],"curies":[{"name":"wp","href":"https:\/\/api.w.org\/{rel}","templated":true}]}}